{"id":2216,"date":"2025-05-12T10:54:57","date_gmt":"2025-05-12T07:54:57","guid":{"rendered":"https:\/\/www.nemacrete.comgastronomy\/"},"modified":"2025-12-29T15:10:05","modified_gmt":"2025-12-29T13:10:05","slug":"gastronomy","status":"publish","type":"page","link":"https:\/\/www.nemacrete.com\/fr\/gastronomy\/","title":{"rendered":"Gastronomie"},"content":{"rendered":"","protected":false},"excerpt":{"rendered":"","protected":false},"author":1,"featured_media":0,"parent":0,"menu_order":2,"comment_status":"closed","ping_status":"closed","template":"template-gastronomy.php","meta":{"_acf_changed":false},"class_list":["post-2216","page","type-page","status-publish","hentry"],"acf":[],"yoast_head":"<!-- This site is optimized with the Yoast SEO plugin v27.5 - https:\/\/yoast.com\/product\/yoast-seo-wordpress\/ -->\n<title>Gastronomie | Nema Crete Hotel Resort in Hersonissos Crete<\/title>\n<meta name=\"description\" content=\"Savourez chaque instant de votre exp\u00e9rience gastronomique au Nema Design Hotel &amp; Spa, o\u00f9 les saveurs de la M\u00e9diterran\u00e9e et de la culture culinaire cr\u00e9toise ravissent votre palais. Une aventure gastronomique compos\u00e9e de trois restaurants, Euphoria, Bliss et Divine, aussi enchanteurs qu\u2019uniques. Nos experts culinaires adorent cr\u00e9er de la magie en cuisine, \u00e9laborant des plats\" \/>\n<meta name=\"robots\" content=\"index, follow, max-snippet:-1, max-image-preview:large, max-video-preview:-1\" \/>\n<link rel=\"canonical\" href=\"https:\/\/www.nemacrete.com\/gastronomy\/\" \/>\n<meta property=\"og:locale\" content=\"fr_FR\" \/>\n<meta property=\"og:type\" content=\"article\" \/>\n<meta property=\"og:title\" content=\"Gastronomie | Nema Crete Hotel Resort in Hersonissos Crete\" \/>\n<meta property=\"og:description\" content=\"Savourez chaque instant de votre exp\u00e9rience gastronomique au Nema Design Hotel &amp; Spa, o\u00f9 les saveurs de la M\u00e9diterran\u00e9e et de la culture culinaire cr\u00e9toise ravissent votre palais. Une aventure gastronomique compos\u00e9e de trois restaurants, Euphoria, Bliss et Divine, aussi enchanteurs qu\u2019uniques. Nos experts culinaires adorent cr\u00e9er de la magie en cuisine, \u00e9laborant des plats\" \/>\n<meta property=\"og:url\" content=\"https:\/\/www.nemacrete.com\/gastronomy\/\" \/>\n<meta property=\"og:site_name\" content=\"Nema Crete Hotel Resort in Hersonissos Crete\" \/>\n<meta property=\"article:modified_time\" content=\"2025-12-29T13:10:05+00:00\" \/>\n<meta name=\"twitter:card\" content=\"summary_large_image\" \/>\n<script type=\"application\/ld+json\" class=\"yoast-schema-graph\">{\"@context\":\"https:\\\/\\\/schema.org\",\"@graph\":[{\"@type\":\"WebPage\",\"@id\":\"https:\\\/\\\/www.nemacrete.com\\\/gastronomy\\\/\",\"url\":\"https:\\\/\\\/www.nemacrete.com\\\/gastronomy\\\/\",\"name\":\"Gastronomie | Nema Crete Hotel Resort in Hersonissos Crete\",\"isPartOf\":{\"@id\":\"https:\\\/\\\/www.nemacrete.com\\\/#website\"},\"datePublished\":\"2025-05-12T07:54:57+00:00\",\"dateModified\":\"2025-12-29T13:10:05+00:00\",\"description\":\"Savourez chaque instant de votre exp\u00e9rience gastronomique au Nema Design Hotel & Spa, o\u00f9 les saveurs de la M\u00e9diterran\u00e9e et de la culture culinaire cr\u00e9toise ravissent votre palais. Une aventure gastronomique compos\u00e9e de trois restaurants, Euphoria, Bliss et Divine, aussi enchanteurs qu\u2019uniques. Nos experts culinaires adorent cr\u00e9er de la magie en cuisine, \u00e9laborant des plats\",\"breadcrumb\":{\"@id\":\"https:\\\/\\\/www.nemacrete.com\\\/gastronomy\\\/#breadcrumb\"},\"inLanguage\":\"fr-FR\",\"potentialAction\":[{\"@type\":\"ReadAction\",\"target\":[\"https:\\\/\\\/www.nemacrete.com\\\/gastronomy\\\/\"]}],\"about\":{\"@id\":\"https:\\\/\\\/www.nemacrete.com\\\/#organization\"}},{\"@type\":\"BreadcrumbList\",\"@id\":\"https:\\\/\\\/www.nemacrete.com\\\/gastronomy\\\/#breadcrumb\",\"itemListElement\":[{\"@type\":\"ListItem\",\"position\":1,\"name\":\"Home\",\"item\":\"https:\\\/\\\/www.nemacrete.com\\\/home\\\/\"},{\"@type\":\"ListItem\",\"position\":2,\"name\":\"Gastronomie\"}]},{\"@type\":\"WebSite\",\"@id\":\"https:\\\/\\\/www.nemacrete.com\\\/#website\",\"url\":\"https:\\\/\\\/www.nemacrete.com\\\/\",\"name\":\"Nema Crete Hotel\",\"description\":\"Nema Crete Hotel Resort in Hersonissos Crete\",\"publisher\":{\"@id\":\"https:\\\/\\\/www.nemacrete.com\\\/#organization\"},\"potentialAction\":[{\"@type\":\"SearchAction\",\"target\":{\"@type\":\"EntryPoint\",\"urlTemplate\":\"https:\\\/\\\/www.nemacrete.com\\\/?s={search_term_string}\"},\"query-input\":{\"@type\":\"PropertyValueSpecification\",\"valueRequired\":true,\"valueName\":\"search_term_string\"}}],\"inLanguage\":\"fr-FR\"},{\"@type\":\"Organization\",\"@id\":\"https:\\\/\\\/www.nemacrete.com\\\/#organization\",\"name\":\"Nema Crete Hotel\",\"url\":\"https:\\\/\\\/www.nemacrete.com\\\/\",\"logo\":{\"@type\":\"ImageObject\",\"inLanguage\":\"fr-FR\",\"@id\":\"https:\\\/\\\/www.nemacrete.com\\\/#\\\/schema\\\/logo\\\/image\\\/\",\"url\":\"https:\\\/\\\/www.nemacrete.com\\\/wp-content\\\/uploads\\\/2026\\\/03\\\/nema-hotel-logo-large.png\",\"contentUrl\":\"https:\\\/\\\/www.nemacrete.com\\\/wp-content\\\/uploads\\\/2026\\\/03\\\/nema-hotel-logo-large.png\",\"width\":696,\"height\":696,\"caption\":\"Nema Crete Hotel\"},\"image\":{\"@id\":\"https:\\\/\\\/www.nemacrete.com\\\/#\\\/schema\\\/logo\\\/image\\\/\"},\"sameAs\":[\"https:\\\/\\\/www.tripadvisor.com\\\/Hotel_Review-g1191367-d7082997-Reviews-NEMA_Design_Hotel_Spa-Analipsi_Hersonissos_Crete.html\",\"https:\\\/\\\/www.booking.com\\\/hotel\\\/gr\\\/nema-design-hotel-amp-spa.html\",\"https:\\\/\\\/www.instagram.com\\\/nemacrete\",\"https:\\\/\\\/www.tiktok.com\\\/@nemacrete\",\"https:\\\/\\\/www.youtube.com\\\/@nemadesignhotelspa1237\",\"https:\\\/\\\/www.forbes.fr\\\/lifestyle\\\/nema-design-hotel-spa-lappel-de-la-crete\\\/\",\"https:\\\/\\\/www.hellomagazine.com\\\/travel\\\/727910\\\/nema-design-hotel-spa-crete-review\\\/\",\"https:\\\/\\\/guide.michelin.com\\\/en\\\/hotels-stays\\\/crete\\\/nema-design-hotel-spa-14813?arr=2026-04-10&dep=2026-04-11&nA=1&nC=0&nR=1\",\"https:\\\/\\\/www.cocomattravel.com\\\/hotels\\\/nema-design-hotel-spa-crete\",\"https:\\\/\\\/guide.michelin.com\\\/en\\\/hotels-stays\\\/crete\\\/nema-design-hotel-spa-14813\"],\"description\":\"NEMA Design Hotel & Spa is a contemporary 5-star, adults-only boutique hotel located in Analipsi, Crete, featuring 117 design-driven rooms and suites, many with private pools and outdoor jacuzzis. The property integrates minimalist Mediterranean architecture with high-end amenities, including the Euphoria Spa, fine dining at Rizes Cretan Gastrobar, and the exclusive E\u00c9SO by NEMA ultra-luxury enclave.\",\"disambiguatingDescription\":\"A design-centric, child-free luxury resort in Hersonissos, Crete (formerly Elysium Boutique Hotel), distinguished by its \\\"hotel-within-the-hotel\\\" E\u00c9SO concept and focus on architectural stillness, separating it from the Nema Hotel in Athens and other Cretan wellness resorts.\",\"address\":{\"@type\":\"PostalAddress\",\"streetAddress\":\"Analipsi, Hersonissos\",\"addressLocality\":\"Crete\",\"addressCountry\":\"Greece\"},\"telephone\":\"+30 28970 29532\",\"knowsAbout\":[\"Adults-Only Luxury Hospitality\",\"Minimalist Mediterranean Architecture\",\"Cretan Gastronomy\",\"Holistic Wellness and Spa Rituals\",\"Bespoke Travel Experiences\",\"Sustainable Boutique Tourism\",\"Modern Interior Design\",\"E\u00c9SO Luxury Living.\"],\"subjectOf\":{\"@type\":\"DigitalDocument\",\"name\":\"AI Content Roadmap\",\"url\":\"https:\\\/\\\/www.nemacrete.com\\\/fr\\\/llms.txt\",\"encodingFormat\":\"text\\\/plain\"}}]}<\/script>\n<!-- \/ Yoast SEO plugin. -->","yoast_head_json":{"title":"Gastronomie | Nema Crete Hotel Resort in Hersonissos Crete","description":"Savourez chaque instant de votre exp\u00e9rience gastronomique au Nema Design Hotel & Spa, o\u00f9 les saveurs de la M\u00e9diterran\u00e9e et de la culture culinaire cr\u00e9toise ravissent votre palais. Une aventure gastronomique compos\u00e9e de trois restaurants, Euphoria, Bliss et Divine, aussi enchanteurs qu\u2019uniques. Nos experts culinaires adorent cr\u00e9er de la magie en cuisine, \u00e9laborant des plats","robots":{"index":"index","follow":"follow","max-snippet":"max-snippet:-1","max-image-preview":"max-image-preview:large","max-video-preview":"max-video-preview:-1"},"canonical":"https:\/\/www.nemacrete.com\/gastronomy\/","og_locale":"fr_FR","og_type":"article","og_title":"Gastronomie | Nema Crete Hotel Resort in Hersonissos Crete","og_description":"Savourez chaque instant de votre exp\u00e9rience gastronomique au Nema Design Hotel & Spa, o\u00f9 les saveurs de la M\u00e9diterran\u00e9e et de la culture culinaire cr\u00e9toise ravissent votre palais. Une aventure gastronomique compos\u00e9e de trois restaurants, Euphoria, Bliss et Divine, aussi enchanteurs qu\u2019uniques. Nos experts culinaires adorent cr\u00e9er de la magie en cuisine, \u00e9laborant des plats","og_url":"https:\/\/www.nemacrete.com\/gastronomy\/","og_site_name":"Nema Crete Hotel Resort in Hersonissos Crete","article_modified_time":"2025-12-29T13:10:05+00:00","twitter_card":"summary_large_image","schema":{"@context":"https:\/\/schema.org","@graph":[{"@type":"WebPage","@id":"https:\/\/www.nemacrete.com\/gastronomy\/","url":"https:\/\/www.nemacrete.com\/gastronomy\/","name":"Gastronomie | Nema Crete Hotel Resort in Hersonissos Crete","isPartOf":{"@id":"https:\/\/www.nemacrete.com\/#website"},"datePublished":"2025-05-12T07:54:57+00:00","dateModified":"2025-12-29T13:10:05+00:00","description":"Savourez chaque instant de votre exp\u00e9rience gastronomique au Nema Design Hotel & Spa, o\u00f9 les saveurs de la M\u00e9diterran\u00e9e et de la culture culinaire cr\u00e9toise ravissent votre palais. Une aventure gastronomique compos\u00e9e de trois restaurants, Euphoria, Bliss et Divine, aussi enchanteurs qu\u2019uniques. Nos experts culinaires adorent cr\u00e9er de la magie en cuisine, \u00e9laborant des plats","breadcrumb":{"@id":"https:\/\/www.nemacrete.com\/gastronomy\/#breadcrumb"},"inLanguage":"fr-FR","potentialAction":[{"@type":"ReadAction","target":["https:\/\/www.nemacrete.com\/gastronomy\/"]}],"about":{"@id":"https:\/\/www.nemacrete.com\/#organization"}},{"@type":"BreadcrumbList","@id":"https:\/\/www.nemacrete.com\/gastronomy\/#breadcrumb","itemListElement":[{"@type":"ListItem","position":1,"name":"Home","item":"https:\/\/www.nemacrete.com\/home\/"},{"@type":"ListItem","position":2,"name":"Gastronomie"}]},{"@type":"WebSite","@id":"https:\/\/www.nemacrete.com\/#website","url":"https:\/\/www.nemacrete.com\/","name":"Nema Crete Hotel","description":"Nema Crete Hotel Resort in Hersonissos Crete","publisher":{"@id":"https:\/\/www.nemacrete.com\/#organization"},"potentialAction":[{"@type":"SearchAction","target":{"@type":"EntryPoint","urlTemplate":"https:\/\/www.nemacrete.com\/?s={search_term_string}"},"query-input":{"@type":"PropertyValueSpecification","valueRequired":true,"valueName":"search_term_string"}}],"inLanguage":"fr-FR"},{"@type":"Organization","@id":"https:\/\/www.nemacrete.com\/#organization","name":"Nema Crete Hotel","url":"https:\/\/www.nemacrete.com\/","logo":{"@type":"ImageObject","inLanguage":"fr-FR","@id":"https:\/\/www.nemacrete.com\/#\/schema\/logo\/image\/","url":"https:\/\/www.nemacrete.com\/wp-content\/uploads\/2026\/03\/nema-hotel-logo-large.png","contentUrl":"https:\/\/www.nemacrete.com\/wp-content\/uploads\/2026\/03\/nema-hotel-logo-large.png","width":696,"height":696,"caption":"Nema Crete Hotel"},"image":{"@id":"https:\/\/www.nemacrete.com\/#\/schema\/logo\/image\/"},"sameAs":["https:\/\/www.tripadvisor.com\/Hotel_Review-g1191367-d7082997-Reviews-NEMA_Design_Hotel_Spa-Analipsi_Hersonissos_Crete.html","https:\/\/www.booking.com\/hotel\/gr\/nema-design-hotel-amp-spa.html","https:\/\/www.instagram.com\/nemacrete","https:\/\/www.tiktok.com\/@nemacrete","https:\/\/www.youtube.com\/@nemadesignhotelspa1237","https:\/\/www.forbes.fr\/lifestyle\/nema-design-hotel-spa-lappel-de-la-crete\/","https:\/\/www.hellomagazine.com\/travel\/727910\/nema-design-hotel-spa-crete-review\/","https:\/\/guide.michelin.com\/en\/hotels-stays\/crete\/nema-design-hotel-spa-14813?arr=2026-04-10&dep=2026-04-11&nA=1&nC=0&nR=1","https:\/\/www.cocomattravel.com\/hotels\/nema-design-hotel-spa-crete","https:\/\/guide.michelin.com\/en\/hotels-stays\/crete\/nema-design-hotel-spa-14813"],"description":"NEMA Design Hotel & Spa is a contemporary 5-star, adults-only boutique hotel located in Analipsi, Crete, featuring 117 design-driven rooms and suites, many with private pools and outdoor jacuzzis. The property integrates minimalist Mediterranean architecture with high-end amenities, including the Euphoria Spa, fine dining at Rizes Cretan Gastrobar, and the exclusive E\u00c9SO by NEMA ultra-luxury enclave.","disambiguatingDescription":"A design-centric, child-free luxury resort in Hersonissos, Crete (formerly Elysium Boutique Hotel), distinguished by its \"hotel-within-the-hotel\" E\u00c9SO concept and focus on architectural stillness, separating it from the Nema Hotel in Athens and other Cretan wellness resorts.","address":{"@type":"PostalAddress","streetAddress":"Analipsi, Hersonissos","addressLocality":"Crete","addressCountry":"Greece"},"telephone":"+30 28970 29532","knowsAbout":["Adults-Only Luxury Hospitality","Minimalist Mediterranean Architecture","Cretan Gastronomy","Holistic Wellness and Spa Rituals","Bespoke Travel Experiences","Sustainable Boutique Tourism","Modern Interior Design","E\u00c9SO Luxury Living."],"subjectOf":{"@type":"DigitalDocument","name":"AI Content Roadmap","url":"https:\/\/www.nemacrete.com\/fr\/llms.txt","encodingFormat":"text\/plain"}}]}},"_links":{"self":[{"href":"https:\/\/www.nemacrete.com\/fr\/wp-json\/wp\/v2\/pages\/2216","targetHints":{"allow":["GET"]}}],"collection":[{"href":"https:\/\/www.nemacrete.com\/fr\/wp-json\/wp\/v2\/pages"}],"about":[{"href":"https:\/\/www.nemacrete.com\/fr\/wp-json\/wp\/v2\/types\/page"}],"author":[{"embeddable":true,"href":"https:\/\/www.nemacrete.com\/fr\/wp-json\/wp\/v2\/users\/1"}],"replies":[{"embeddable":true,"href":"https:\/\/www.nemacrete.com\/fr\/wp-json\/wp\/v2\/comments?post=2216"}],"version-history":[{"count":0,"href":"https:\/\/www.nemacrete.com\/fr\/wp-json\/wp\/v2\/pages\/2216\/revisions"}],"wp:attachment":[{"href":"https:\/\/www.nemacrete.com\/fr\/wp-json\/wp\/v2\/media?parent=2216"}],"curies":[{"name":"wp","href":"https:\/\/api.w.org\/{rel}","templated":true}]}}